{"id":1752,"date":"2023-02-06T09:42:18","date_gmt":"2023-02-06T07:42:18","guid":{"rendered":"https:\/\/www.danaoshotel.gr\/home\/"},"modified":"2023-03-07T16:06:48","modified_gmt":"2023-03-07T14:06:48","slug":"home","status":"publish","type":"page","link":"https:\/\/www.danaoshotel.gr\/da\/","title":{"rendered":"Home"},"content":{"rendered":"\t\t<div data-elementor-type=\"wp-page\" data-elementor-id=\"1752\" class=\"elementor elementor-1752 elementor-9\">\n\t\t\t\t\t\t\t\t\t<section class=\"elementor-section elementor-top-section elementor-element elementor-element-eec8320 elementor-section-height-min-height elementor-section-items-bottom elementor-section-boxed elementor-section-height-default\" data-id=\"eec8320\" data-element_type=\"section\" data-settings=\"{&quot;background_background&quot;:&quot;slideshow&quot;,&quot;background_slideshow_gallery&quot;:[{&quot;id&quot;:511,&quot;url&quot;:&quot;https:\\\/\\\/www.danaoshotel.gr\\\/wp-content\\\/uploads\\\/2023\\\/02\\\/port-danaos.jpg&quot;},{&quot;id&quot;:2075,&quot;url&quot;:&quot;https:\\\/\\\/www.danaoshotel.gr\\\/wp-content\\\/uploads\\\/2023\\\/03\\\/omprela-danaos.jpg&quot;},{&quot;id&quot;:515,&quot;url&quot;:&quot;https:\\\/\\\/www.danaoshotel.gr\\\/wp-content\\\/uploads\\\/2023\\\/02\\\/bar-danaos.jpg&quot;},{&quot;id&quot;:513,&quot;url&quot;:&quot;https:\\\/\\\/www.danaoshotel.gr\\\/wp-content\\\/uploads\\\/2023\\\/02\\\/vespa_last.jpg&quot;},{&quot;id&quot;:510,&quot;url&quot;:&quot;https:\\\/\\\/www.danaoshotel.gr\\\/wp-content\\\/uploads\\\/2023\\\/02\\\/library-danaos.jpg&quot;},{&quot;id&quot;:14,&quot;url&quot;:&quot;https:\\\/\\\/www.danaoshotel.gr\\\/wp-content\\\/uploads\\\/2023\\\/02\\\/city-g7b8d7163a_1920.jpg&quot;},{&quot;id&quot;:514,&quot;url&quot;:&quot;https:\\\/\\\/www.danaoshotel.gr\\\/wp-content\\\/uploads\\\/2023\\\/02\\\/balcony.jpg&quot;}],&quot;background_slideshow_loop&quot;:&quot;yes&quot;,&quot;background_slideshow_slide_duration&quot;:5000,&quot;background_slideshow_slide_transition&quot;:&quot;fade&quot;,&quot;background_slideshow_transition_duration&quot;:500}\">\n\t\t\t\t\t\t<div class=\"elementor-container elementor-column-gap-no\">\n\t\t\t\t\t<div class=\"elementor-column elementor-col-100 elementor-top-column elementor-element elementor-element-d14cce4\" data-id=\"d14cce4\" data-element_type=\"column\">\n\t\t\t<div class=\"elementor-widget-wrap elementor-element-populated\">\n\t\t\t\t\t\t\t\t<div class=\"elementor-element elementor-element-8ce2ef9 elementor-widget elementor-widget-heading\" data-id=\"8ce2ef9\" data-element_type=\"widget\" data-widget_type=\"heading.default\">\n\t\t\t\t<div class=\"elementor-widget-container\">\n\t\t\t<style>\/*! elementor - v3.10.2 - 29-01-2023 *\/\n.elementor-heading-title{padding:0;margin:0;line-height:1}.elementor-widget-heading .elementor-heading-title[class*=elementor-size-]>a{color:inherit;font-size:inherit;line-height:inherit}.elementor-widget-heading .elementor-heading-title.elementor-size-small{font-size:15px}.elementor-widget-heading .elementor-heading-title.elementor-size-medium{font-size:19px}.elementor-widget-heading .elementor-heading-title.elementor-size-large{font-size:29px}.elementor-widget-heading .elementor-heading-title.elementor-size-xl{font-size:39px}.elementor-widget-heading .elementor-heading-title.elementor-size-xxl{font-size:59px}<\/style><h2 class=\"elementor-heading-title elementor-size-default\">Chania by Hotel <br> Direkte p\u00e5 stranden<\/h2>\t\t<\/div>\n\t\t\t\t<\/div>\n\t\t\t\t\t<\/div>\n\t\t<\/div>\n\t\t\t\t\t\t\t<\/div>\n\t\t<\/section>\n\t\t\t\t<section class=\"elementor-section elementor-top-section elementor-element elementor-element-a9136cd elementor-section-height-min-height elementor-section-full_width elementor-section-height-default elementor-section-items-middle\" data-id=\"a9136cd\" data-element_type=\"section\" data-settings=\"{&quot;background_background&quot;:&quot;classic&quot;}\">\n\t\t\t\t\t\t<div class=\"elementor-container elementor-column-gap-no\">\n\t\t\t\t\t<div class=\"elementor-column elementor-col-100 elementor-top-column elementor-element elementor-element-3e141ff\" data-id=\"3e141ff\" data-element_type=\"column\">\n\t\t\t<div class=\"elementor-widget-wrap elementor-element-populated\">\n\t\t\t\t\t\t\t\t<div class=\"elementor-element elementor-element-0d13ff0 elementor-widget elementor-widget-shortcode\" data-id=\"0d13ff0\" data-element_type=\"widget\" id=\"octorscript\" data-widget_type=\"shortcode.default\">\n\t\t\t\t<div class=\"elementor-widget-container\">\n\t\t\t\t\t<div class=\"elementor-shortcode\"><script type=\"text\/javascript\" src=\"https:\/\/resx.octorate.com\/octobook\/resources\/widget\/js\/form.js\" data-sitekey=\"55cd757e0b673072879c153264c75d39\"><\/script><\/div>\n\t\t\t\t<\/div>\n\t\t\t\t<\/div>\n\t\t\t\t\t<\/div>\n\t\t<\/div>\n\t\t\t\t\t\t\t<\/div>\n\t\t<\/section>\n\t\t\t\t<section class=\"elementor-section elementor-top-section elementor-element elementor-element-7bf0909 elementor-section-height-min-height elementor-section-boxed elementor-section-height-default elementor-section-items-middle\" data-id=\"7bf0909\" data-element_type=\"section\" data-settings=\"{&quot;background_background&quot;:&quot;classic&quot;}\">\n\t\t\t\t\t\t<div class=\"elementor-container elementor-column-gap-default\">\n\t\t\t\t\t<div class=\"elementor-column elementor-col-33 elementor-top-column elementor-element elementor-element-016d4c9\" data-id=\"016d4c9\" data-element_type=\"column\">\n\t\t\t<div class=\"elementor-widget-wrap elementor-element-populated\">\n\t\t\t\t\t\t\t\t<div class=\"elementor-element elementor-element-5c03935 elementor-widget elementor-widget-text-editor\" data-id=\"5c03935\" data-element_type=\"widget\" data-widget_type=\"text-editor.default\">\n\t\t\t\t<div class=\"elementor-widget-container\">\n\t\t\t<style>\/*! elementor - v3.10.2 - 29-01-2023 *\/\n.elementor-widget-text-editor.elementor-drop-cap-view-stacked .elementor-drop-cap{background-color:#818a91;color:#fff}.elementor-widget-text-editor.elementor-drop-cap-view-framed .elementor-drop-cap{color:#818a91;border:3px solid;background-color:transparent}.elementor-widget-text-editor:not(.elementor-drop-cap-view-default) .elementor-drop-cap{margin-top:8px}.elementor-widget-text-editor:not(.elementor-drop-cap-view-default) .elementor-drop-cap-letter{width:1em;height:1em}.elementor-widget-text-editor .elementor-drop-cap{float:left;text-align:center;line-height:1;font-size:50px}.elementor-widget-text-editor .elementor-drop-cap-letter{display:inline-block}<\/style>\t\t\t\tDanaos Hotel i Nea Chora, Chania, Kreta\t\t\t\t\t\t<\/div>\n\t\t\t\t<\/div>\n\t\t\t\t<div class=\"elementor-element elementor-element-59e8db2 elementor-widget elementor-widget-heading\" data-id=\"59e8db2\" data-element_type=\"widget\" data-widget_type=\"heading.default\">\n\t\t\t\t<div class=\"elementor-widget-container\">\n\t\t\t<h2 class=\"elementor-heading-title elementor-size-default\">Chania by Hotel <br>Direkte p\u00e5 stranden<br>\nideelle valg til dit ophold.\n\n<\/h2>\t\t<\/div>\n\t\t\t\t<\/div>\n\t\t\t\t<div class=\"elementor-element elementor-element-93857f7 elementor-widget elementor-widget-text-editor\" data-id=\"93857f7\" data-element_type=\"widget\" data-widget_type=\"text-editor.default\">\n\t\t\t\t<div class=\"elementor-widget-container\">\n\t\t\t\t\t\t\t<p>Det hyggelige Danaos Hotel ligger p\u00e5 strandpromenaden i bydelen Nea Chora kun 1 km fra den gamle venetianske havn i Chania. Her bor du ved stranden \u2013 men er samtidig t\u00e6t p\u00e5 byens centrum, og der er kun 16 km til lufthavnen.<\/p><p>Fra den dejlige sandstrand har du udsigt til klipper og rev, der indbyder til snorkling for b\u00e5de b\u00f8rn og voksne.<\/p><p>Byens indbyggere bruger stranden fra solen st\u00e5r op til den g\u00e5r ned. Ved daggry kommer morgenbaderne, ofte gamle damer, hvis stemmer h\u00f8res klart over vandet. I l\u00f8bet af dagen kommer de unge, og sidst p\u00e5 dagen dukker familier med b\u00f8rn op.<\/p><p>Strandens livredder er placeret lige uden for hotellet. P\u00e5 stranden udlejes der parasoller og solsenge. Her kan du ogs\u00e5 nyde drikkevarer og snacks.<\/p><p>I den lille lokale havn \u201dLimanaki\u201d er der aktivitet d\u00f8gnet rundt, og om morgenen kan du se de sp\u00e6ndende fisk m.m., som fiskerne har bragt ind. Nea Chora er en levende bydel af Chania, og hver torsdag \u00e5ret rundt afholdes et marked, der bugner af \u00e5rstidens frugt og gr\u00f8nt samt t\u00f8j, husger\u00e5d med mere.<\/p>\t\t\t\t\t\t<\/div>\n\t\t\t\t<\/div>\n\t\t\t\t<div class=\"elementor-element elementor-element-1c1132a elementor-widget elementor-widget-button\" data-id=\"1c1132a\" data-element_type=\"widget\" data-widget_type=\"button.default\">\n\t\t\t\t<div class=\"elementor-widget-container\">\n\t\t\t\t\t<div class=\"elementor-button-wrapper\">\n\t\t\t<a href=\"https:\/\/www.danaoshotel.gr\/da\/location\/\" class=\"elementor-button-link elementor-button elementor-size-sm\" role=\"button\">\n\t\t\t\t\t\t<span class=\"elementor-button-content-wrapper\">\n\t\t\t\t\t\t<span class=\"elementor-button-text\">SE MERE<\/span>\n\t\t<\/span>\n\t\t\t\t\t<\/a>\n\t\t<\/div>\n\t\t\t\t<\/div>\n\t\t\t\t<\/div>\n\t\t\t\t\t<\/div>\n\t\t<\/div>\n\t\t\t\t<div class=\"elementor-column elementor-col-33 elementor-top-column elementor-element elementor-element-2debb99\" data-id=\"2debb99\" data-element_type=\"column\">\n\t\t\t<div class=\"elementor-widget-wrap elementor-element-populated\">\n\t\t\t\t\t\t\t\t<div class=\"elementor-element elementor-element-ccd82a0 elementor-widget elementor-widget-image\" data-id=\"ccd82a0\" data-element_type=\"widget\" data-widget_type=\"image.default\">\n\t\t\t\t<div class=\"elementor-widget-container\">\n\t\t\t<style>\/*! elementor - v3.10.2 - 29-01-2023 *\/\n.elementor-widget-image{text-align:center}.elementor-widget-image a{display:inline-block}.elementor-widget-image a img[src$=\".svg\"]{width:48px}.elementor-widget-image img{vertical-align:middle;display:inline-block}<\/style>\t\t\t\t\t\t\t\t\t\t\t\t<img loading=\"lazy\" decoding=\"async\" width=\"330\" height=\"417\" src=\"https:\/\/www.danaoshotel.gr\/wp-content\/uploads\/2023\/02\/Layer-18.jpg\" class=\"attachment-large size-large wp-image-1263\" alt=\"\" srcset=\"https:\/\/www.danaoshotel.gr\/wp-content\/uploads\/2023\/02\/Layer-18.jpg 330w, https:\/\/www.danaoshotel.gr\/wp-content\/uploads\/2023\/02\/Layer-18-237x300.jpg 237w\" sizes=\"auto, (max-width: 330px) 100vw, 330px\" \/>\t\t\t\t\t\t\t\t\t\t\t\t\t\t\t<\/div>\n\t\t\t\t<\/div>\n\t\t\t\t<div class=\"elementor-element elementor-element-a234b1f elementor-widget elementor-widget-image\" data-id=\"a234b1f\" data-element_type=\"widget\" data-widget_type=\"image.default\">\n\t\t\t\t<div class=\"elementor-widget-container\">\n\t\t\t\t\t\t\t\t\t\t\t\t\t\t\t<img loading=\"lazy\" decoding=\"async\" width=\"330\" height=\"250\" src=\"https:\/\/www.danaoshotel.gr\/wp-content\/uploads\/2023\/03\/Untitled-1-1.jpg\" class=\"attachment-large size-large wp-image-2390\" alt=\"\" srcset=\"https:\/\/www.danaoshotel.gr\/wp-content\/uploads\/2023\/03\/Untitled-1-1.jpg 330w, https:\/\/www.danaoshotel.gr\/wp-content\/uploads\/2023\/03\/Untitled-1-1-300x227.jpg 300w\" sizes=\"auto, (max-width: 330px) 100vw, 330px\" \/>\t\t\t\t\t\t\t\t\t\t\t\t\t\t\t<\/div>\n\t\t\t\t<\/div>\n\t\t\t\t\t<\/div>\n\t\t<\/div>\n\t\t\t\t<div class=\"elementor-column elementor-col-33 elementor-top-column elementor-element elementor-element-b684b8b\" data-id=\"b684b8b\" data-element_type=\"column\">\n\t\t\t<div class=\"elementor-widget-wrap elementor-element-populated\">\n\t\t\t\t\t\t\t\t<div class=\"elementor-element elementor-element-af2a942 elementor-widget elementor-widget-image\" data-id=\"af2a942\" data-element_type=\"widget\" data-widget_type=\"image.default\">\n\t\t\t\t<div class=\"elementor-widget-container\">\n\t\t\t\t\t\t\t\t\t\t\t\t\t\t\t<img loading=\"lazy\" decoding=\"async\" width=\"330\" height=\"250\" src=\"https:\/\/www.danaoshotel.gr\/wp-content\/uploads\/2023\/02\/Layer-20.jpg\" class=\"attachment-large size-large wp-image-1267\" alt=\"\" srcset=\"https:\/\/www.danaoshotel.gr\/wp-content\/uploads\/2023\/02\/Layer-20.jpg 330w, https:\/\/www.danaoshotel.gr\/wp-content\/uploads\/2023\/02\/Layer-20-300x227.jpg 300w\" sizes=\"auto, (max-width: 330px) 100vw, 330px\" \/>\t\t\t\t\t\t\t\t\t\t\t\t\t\t\t<\/div>\n\t\t\t\t<\/div>\n\t\t\t\t<div class=\"elementor-element elementor-element-05e552d elementor-widget elementor-widget-image\" data-id=\"05e552d\" data-element_type=\"widget\" data-widget_type=\"image.default\">\n\t\t\t\t<div class=\"elementor-widget-container\">\n\t\t\t\t\t\t\t\t\t\t\t\t\t\t\t<img loading=\"lazy\" decoding=\"async\" width=\"330\" height=\"417\" src=\"https:\/\/www.danaoshotel.gr\/wp-content\/uploads\/2023\/02\/Layer-17.jpg\" class=\"attachment-large size-large wp-image-1261\" alt=\"\" srcset=\"https:\/\/www.danaoshotel.gr\/wp-content\/uploads\/2023\/02\/Layer-17.jpg 330w, https:\/\/www.danaoshotel.gr\/wp-content\/uploads\/2023\/02\/Layer-17-237x300.jpg 237w\" sizes=\"auto, (max-width: 330px) 100vw, 330px\" \/>\t\t\t\t\t\t\t\t\t\t\t\t\t\t\t<\/div>\n\t\t\t\t<\/div>\n\t\t\t\t\t<\/div>\n\t\t<\/div>\n\t\t\t\t\t\t\t<\/div>\n\t\t<\/section>\n\t\t\t\t<section class=\"elementor-section elementor-top-section elementor-element elementor-element-f9f81e6 carouselitems  elementor-section-boxed elementor-section-height-default elementor-section-height-default\" data-id=\"f9f81e6\" data-element_type=\"section\">\n\t\t\t\t\t\t<div class=\"elementor-container elementor-column-gap-no\">\n\t\t\t\t\t<div class=\"elementor-column elementor-col-100 elementor-top-column elementor-element elementor-element-3ebb51b\" data-id=\"3ebb51b\" data-element_type=\"column\">\n\t\t\t<div class=\"elementor-widget-wrap elementor-element-populated\">\n\t\t\t\t\t\t\t\t<div class=\"elementor-element elementor-element-4379468 elementor-widget elementor-widget-text-editor\" data-id=\"4379468\" data-element_type=\"widget\" data-widget_type=\"text-editor.default\">\n\t\t\t\t<div class=\"elementor-widget-container\">\n\t\t\t\t\t\t\t<p>V\u00c6RELSER<\/p>\t\t\t\t\t\t<\/div>\n\t\t\t\t<\/div>\n\t\t\t\t<div class=\"elementor-element elementor-element-5e5b1d1 elementor-widget elementor-widget-heading\" data-id=\"5e5b1d1\" data-element_type=\"widget\" data-widget_type=\"heading.default\">\n\t\t\t\t<div class=\"elementor-widget-container\">\n\t\t\t<h2 class=\"elementor-heading-title elementor-size-default\">Tjek vores v\u00e6relsestyper<\/h2>\t\t<\/div>\n\t\t\t\t<\/div>\n\t\t\t\t<div class=\"elementor-element elementor-element-2d722b7 elementor-widget elementor-widget-advanced-carousel\" data-id=\"2d722b7\" data-element_type=\"widget\" data-widget_type=\"advanced-carousel.default\">\n\t\t\t\t<div class=\"elementor-widget-container\">\n\t\t\t\r\n\t\t<!--====== HTML CODING START ========-->\r\n\r\n\t\t<section class=\"tm-slider slider  default-tdt\" id=\"tdt-slider-194\" data-mobiles=\"1\" data-tabs=\"1\" data-slick='{\"arrows\": true, \"autoplaySpeed\": 2500, \"dots\": false, \"autoplay\": false, \"infinite\": true, \"adaptiveHeight\": true, \"pauseOnHover\": true, \"slidesToShow\": 2, \"slidesToScroll\": 1, \"fade\": false, \"touchThreshold\": 5}'>\r\n\t\t\t\t\t\t\t  <div>\r\n\t\t\t\t  \t\t\t\t\t  \t\t<a href=\"https:\/\/www.danaoshotel.gr\/da\/economy-room-with-city-view-from-window-no-balcony\/\"  class=\"\">\r\n\t\t\t\t\t\t\t\t\t\t\t\t\t\t\t\t\t\t\t\t\t<span class=\"ultimate-slide-img\" style=\"max-width: 100%; border-radius: ; margin-bottom: 15px;\">\r\n\t\t\t\t\t  \t\t<img loading=\"lazy\" decoding=\"async\" width=\"670\" height=\"331\" src=\"https:\/\/www.danaoshotel.gr\/wp-content\/uploads\/2023\/03\/Untitled-1.jpg\" class=\"attachment-full size-full wp-image-2100\" alt=\"\" srcset=\"https:\/\/www.danaoshotel.gr\/wp-content\/uploads\/2023\/03\/Untitled-1.jpg 670w, https:\/\/www.danaoshotel.gr\/wp-content\/uploads\/2023\/03\/Untitled-1-300x148.jpg 300w\" sizes=\"auto, (max-width: 670px) 100vw, 670px\" \/>\t\t\t\t\t\t<\/span>\r\n\t\t\t\t\t\t\r\n\t\t\t\t\t\t<\/a>\r\n\t\t\t\t  \t<span class=\"content-section\">\r\n\t\t\t\t\t  \t<p class=\"room-head-element\">Economy Room med udsigt over byen fra vinduet INGEN balkon<\/p><p class=\"room-text-content-element\">Dette v\u00e6relse har to enkeltsenge og kan rumme op til 2 personer.<br \/>Dette v\u00e6relse med byudsigt m\u00e5ler 16 kvadratmeter.<\/p><br>\r\n\r\n\t\t\t\t\t  \t\t\t\t\t\t\t  \t<span class=\"carousel_btn_span\" style=\"text-align: left;\">\r\n\t\t\t\t\t\t  \t\t<a href=\"https:\/\/www.danaoshotel.gr\/da\/economy-room-with-city-view-from-window-no-balcony\/\"  class=\"ultimate_carousel_btn\" style=\"background-color: #FFD105; color: #fff; text-decoration: none;\">\r\n\t\t\t\t\t\t\t  \t\tSE MERE\t\t\t\t\t\t\t  \t<\/a>\r\n\t\t\t\t\t\t\t<\/span>\r\n\t\t\t\t\t  \t\t\t\t\t\t  \t<p>&nbsp;<\/p>\r\n\t\t\t\t  \t<\/span>\r\n\t\t\t\t  <\/div>\r\n\t\t\t\t\t\t\t  <div>\r\n\t\t\t\t  \t\t\t\t\t  \t\t<a href=\"https:\/\/www.danaoshotel.gr\/da\/double-room-with-city-view-and-balcony-for-double-use-or-single-use\/\"  class=\"\">\r\n\t\t\t\t\t\t\t\t\t\t\t\t\t\t\t\t\t\t\t\t\t<span class=\"ultimate-slide-img\" style=\"max-width: 100%; border-radius: ; margin-bottom: 15px;\">\r\n\t\t\t\t\t  \t\t<img loading=\"lazy\" decoding=\"async\" width=\"670\" height=\"331\" src=\"https:\/\/www.danaoshotel.gr\/wp-content\/uploads\/2023\/02\/Untitled-1.png\" class=\"attachment-full size-full wp-image-1125\" alt=\"\" srcset=\"https:\/\/www.danaoshotel.gr\/wp-content\/uploads\/2023\/02\/Untitled-1.png 670w, https:\/\/www.danaoshotel.gr\/wp-content\/uploads\/2023\/02\/Untitled-1-300x148.png 300w\" sizes=\"auto, (max-width: 670px) 100vw, 670px\" \/>\t\t\t\t\t\t<\/span>\r\n\t\t\t\t\t\t\r\n\t\t\t\t\t\t<\/a>\r\n\t\t\t\t  \t<span class=\"content-section\">\r\n\t\t\t\t\t  \t<p class=\"room-head-element\">Dobbeltv\u00e6relse med udsigt over byen og balkon<\/p><p class=\"room-text-content-element\">Dette v\u00e6relse har en dobbeltseng og kan rumme op til 2 personer.<\/p><br>\r\n\r\n\t\t\t\t\t  \t\t\t\t\t\t\t  \t<span class=\"carousel_btn_span\" style=\"text-align: left;\">\r\n\t\t\t\t\t\t  \t\t<a href=\"https:\/\/www.danaoshotel.gr\/da\/double-room-with-city-view-and-balcony-for-double-use-or-single-use\/\"  class=\"ultimate_carousel_btn\" style=\"background-color: #FFD105; color: #fff; text-decoration: none;\">\r\n\t\t\t\t\t\t\t  \t\tSE MERE\t\t\t\t\t\t\t  \t<\/a>\r\n\t\t\t\t\t\t\t<\/span>\r\n\t\t\t\t\t  \t\t\t\t\t\t  \t<p>&nbsp;<\/p>\r\n\t\t\t\t  \t<\/span>\r\n\t\t\t\t  <\/div>\r\n\t\t\t\t\t\t\t  <div>\r\n\t\t\t\t  \t\t\t\t\t  \t\t<a href=\"https:\/\/www.danaoshotel.gr\/da\/quadruple-room-with-city-view-and-balcony\/\"  class=\"\">\r\n\t\t\t\t\t\t\t\t\t\t\t\t\t\t\t\t\t\t\t\t\t<span class=\"ultimate-slide-img\" style=\"max-width: 100%; border-radius: ; margin-bottom: 15px;\">\r\n\t\t\t\t\t  \t\t<img loading=\"lazy\" decoding=\"async\" width=\"670\" height=\"331\" src=\"https:\/\/www.danaoshotel.gr\/wp-content\/uploads\/2023\/02\/quad1.png\" class=\"attachment-full size-full wp-image-1123\" alt=\"\" srcset=\"https:\/\/www.danaoshotel.gr\/wp-content\/uploads\/2023\/02\/quad1.png 670w, https:\/\/www.danaoshotel.gr\/wp-content\/uploads\/2023\/02\/quad1-300x148.png 300w\" sizes=\"auto, (max-width: 670px) 100vw, 670px\" \/>\t\t\t\t\t\t<\/span>\r\n\t\t\t\t\t\t\r\n\t\t\t\t\t\t<\/a>\r\n\t\t\t\t  \t<span class=\"content-section\">\r\n\t\t\t\t\t  \t<p class=\"room-head-element\">4-personersv\u00e6relse med udsigt over byen og balkon<\/p><p class=\"room-text-content-element\">Dette v\u00e6relse har 1 dobbeltseng og 2 enkeltsenge og kan rumme op til 4 personer.<\/p><br>\r\n\r\n\t\t\t\t\t  \t\t\t\t\t\t\t  \t<span class=\"carousel_btn_span\" style=\"text-align: left;\">\r\n\t\t\t\t\t\t  \t\t<a href=\"https:\/\/www.danaoshotel.gr\/da\/quadruple-room-with-city-view-and-balcony\/\"  class=\"ultimate_carousel_btn\" style=\"background-color: #FFD105; color: #fff; text-decoration: none;\">\r\n\t\t\t\t\t\t\t  \t\tSE MERE\t\t\t\t\t\t\t  \t<\/a>\r\n\t\t\t\t\t\t\t<\/span>\r\n\t\t\t\t\t  \t\t\t\t\t\t  \t<p>&nbsp;<\/p>\r\n\t\t\t\t  \t<\/span>\r\n\t\t\t\t  <\/div>\r\n\t\t\t\t\t\t\t  <div>\r\n\t\t\t\t  \t\t\t\t\t  \t\t<a href=\"https:\/\/www.danaoshotel.gr\/da\/twin-room-with-city-view-balcony-2-single-beds\/\"  class=\"\">\r\n\t\t\t\t\t\t\t\t\t\t\t\t\t\t\t\t\t\t\t\t\t<span class=\"ultimate-slide-img\" style=\"max-width: 100%; border-radius: ; margin-bottom: 15px;\">\r\n\t\t\t\t\t  \t\t<img loading=\"lazy\" decoding=\"async\" width=\"670\" height=\"331\" src=\"https:\/\/www.danaoshotel.gr\/wp-content\/uploads\/2023\/02\/twin1.png\" class=\"attachment-full size-full wp-image-1124\" alt=\"\" srcset=\"https:\/\/www.danaoshotel.gr\/wp-content\/uploads\/2023\/02\/twin1.png 670w, https:\/\/www.danaoshotel.gr\/wp-content\/uploads\/2023\/02\/twin1-300x148.png 300w\" sizes=\"auto, (max-width: 670px) 100vw, 670px\" \/>\t\t\t\t\t\t<\/span>\r\n\t\t\t\t\t\t\r\n\t\t\t\t\t\t<\/a>\r\n\t\t\t\t  \t<span class=\"content-section\">\r\n\t\t\t\t\t  \t<p class=\"room-head-element\">Twin room with city view &amp; balcony<\/p>\n<p class=\"room-text-content-element\">This room offers two single beds and can accommodate up to 2 people. This city view room measures 16 square meters.<\/p><br>\r\n\r\n\t\t\t\t\t  \t\t\t\t\t\t\t  \t<span class=\"carousel_btn_span\" style=\"text-align: left;\">\r\n\t\t\t\t\t\t  \t\t<a href=\"https:\/\/www.danaoshotel.gr\/da\/twin-room-with-city-view-balcony-2-single-beds\/\"  class=\"ultimate_carousel_btn\" style=\"background-color: #FFD105; color: #fff; text-decoration: none;\">\r\n\t\t\t\t\t\t\t  \t\tSE MERE\t\t\t\t\t\t\t  \t<\/a>\r\n\t\t\t\t\t\t\t<\/span>\r\n\t\t\t\t\t  \t\t\t\t\t\t  \t<p>&nbsp;<\/p>\r\n\t\t\t\t  \t<\/span>\r\n\t\t\t\t  <\/div>\r\n\t\t\t\t\t<\/section>\r\n\r\n\t\t<style>\r\n\t\t\t#tdt-slider-194 .slick-prev {\r\n\t\t\t\tleft: px !important;\r\n\t\t\t}\r\n\t\t\t#tdt-slider-194 .slick-next {\r\n\t\t\t\tright: px !important;\r\n\t\t\t}\r\n\t\t\t#tdt-slider-194.content-over-slider .slick-slide .content-section {\r\n\t\t\t\ttop: %;\r\n\t\t\t}\r\n\t\t\t@media only screen and (max-width: 480px) {\r\n\t\t\t\t#tdt-slider-194.content-over-slider .slick-slide .content-section {\r\n\t\t\t\t\ttop: 35px !important;\r\n\t\t\t\t}\r\n\t\t\t\t#tdt-slider-194.content-over-slider .ultimate-slide-img img{\r\n\t\t\t\t\theight: px !important;\r\n\t\t\t\t\tobject-fit: cover;\r\n\t\t\t\t}\r\n\t\t\t\t#tdt-slider-194 .slick-prev, #tdt-slider-194 .slick-next {\r\n\t\t\t\t\tdisplay: block !important;\r\n\t\t\t\t}\r\n\t\t\t}\r\n\t\t<\/style>\r\n\r\n\t\t\t\t<\/div>\n\t\t\t\t<\/div>\n\t\t\t\t\t<\/div>\n\t\t<\/div>\n\t\t\t\t\t\t\t<\/div>\n\t\t<\/section>\n\t\t\t\t<section class=\"elementor-section elementor-top-section elementor-element elementor-element-41babff elementor-section-height-min-height elementor-section-boxed elementor-section-height-default elementor-section-items-middle\" data-id=\"41babff\" data-element_type=\"section\" data-settings=\"{&quot;background_background&quot;:&quot;classic&quot;}\">\n\t\t\t\t\t\t\t<div class=\"elementor-background-overlay\"><\/div>\n\t\t\t\t\t\t\t<div class=\"elementor-container elementor-column-gap-no\">\n\t\t\t\t\t<div class=\"elementor-column elementor-col-100 elementor-top-column elementor-element elementor-element-7017ce4\" data-id=\"7017ce4\" data-element_type=\"column\">\n\t\t\t<div class=\"elementor-widget-wrap elementor-element-populated\">\n\t\t\t\t\t\t\t\t<div class=\"elementor-element elementor-element-52339d9 elementor-widget elementor-widget-image\" data-id=\"52339d9\" data-element_type=\"widget\" data-widget_type=\"image.default\">\n\t\t\t\t<div class=\"elementor-widget-container\">\n\t\t\t\t\t\t\t\t\t\t\t\t\t\t\t<img loading=\"lazy\" decoding=\"async\" width=\"170\" height=\"88\" src=\"https:\/\/www.danaoshotel.gr\/wp-content\/uploads\/2023\/02\/Layer-29.png\" class=\"attachment-large size-large wp-image-1277\" alt=\"\" \/>\t\t\t\t\t\t\t\t\t\t\t\t\t\t\t<\/div>\n\t\t\t\t<\/div>\n\t\t\t\t<div class=\"elementor-element elementor-element-74df275 elementor-widget elementor-widget-heading\" data-id=\"74df275\" data-element_type=\"widget\" data-widget_type=\"heading.default\">\n\t\t\t\t<div class=\"elementor-widget-container\">\n\t\t\t<h2 class=\"elementor-heading-title elementor-size-default\">Bo kun f\u00e5 skridt v\u00e6k fra Nea Chora-stranden p\u00e5 Danaos Hotel - Nyd morgenmad og kaffe p\u00e5 vores cafe med betagende udsigt over Nea chora-stranden<\/h2>\t\t<\/div>\n\t\t\t\t<\/div>\n\t\t\t\t<div class=\"elementor-element elementor-element-a12bdaa elementor-align-center elementor-widget elementor-widget-button\" data-id=\"a12bdaa\" data-element_type=\"widget\" data-widget_type=\"button.default\">\n\t\t\t\t<div class=\"elementor-widget-container\">\n\t\t\t\t\t<div class=\"elementor-button-wrapper\">\n\t\t\t<a href=\"https:\/\/www.danaoshotel.gr\/da\/location\" class=\"elementor-button-link elementor-button elementor-size-sm\" role=\"button\">\n\t\t\t\t\t\t<span class=\"elementor-button-content-wrapper\">\n\t\t\t\t\t\t<span class=\"elementor-button-text\">Se mere<\/span>\n\t\t<\/span>\n\t\t\t\t\t<\/a>\n\t\t<\/div>\n\t\t\t\t<\/div>\n\t\t\t\t<\/div>\n\t\t\t\t\t<\/div>\n\t\t<\/div>\n\t\t\t\t\t\t\t<\/div>\n\t\t<\/section>\n\t\t\t\t\t\t\t<\/div>\n\t\t","protected":false},"excerpt":{"rendered":"<p>Chania by Hotel Direkte p\u00e5 stranden Danaos Hotel i Nea Chora, Chania, Kreta Chania by Hotel Direkte p\u00e5 stranden ideelle valg til dit ophold. Det hyggelige Danaos Hotel ligger p\u00e5 strandpromenaden i bydelen Nea Chora kun 1 km fra den gamle venetianske havn i Chania. Her bor du ved stranden \u2013 men er samtidig t\u00e6t &hellip;<\/p>\n<p class=\"read-more\"> <a class=\"\" href=\"https:\/\/www.danaoshotel.gr\/da\/\"> <span class=\"screen-reader-text\">Home<\/span> L\u00e6s mere &raquo;<\/a><\/p>\n","protected":false},"author":1,"featured_media":0,"parent":0,"menu_order":0,"comment_status":"closed","ping_status":"closed","template":"","meta":{"_seopress_robots_primary_cat":"","site-sidebar-layout":"no-sidebar","site-content-layout":"page-builder","ast-global-header-display":"","ast-main-header-display":"","ast-hfb-above-header-display":"","ast-hfb-below-header-display":"","ast-hfb-mobile-header-display":"","site-post-title":"disabled","ast-breadcrumbs-content":"","ast-featured-img":"disabled","footer-sml-layout":"","theme-transparent-header-meta":"default","adv-header-id-meta":"","stick-header-meta":"","header-above-stick-meta":"","header-main-stick-meta":"","header-below-stick-meta":"","footnotes":""},"class_list":["post-1752","page","type-page","status-publish","hentry"],"_links":{"self":[{"href":"https:\/\/www.danaoshotel.gr\/da\/wp-json\/wp\/v2\/pages\/1752","targetHints":{"allow":["GET"]}}],"collection":[{"href":"https:\/\/www.danaoshotel.gr\/da\/wp-json\/wp\/v2\/pages"}],"about":[{"href":"https:\/\/www.danaoshotel.gr\/da\/wp-json\/wp\/v2\/types\/page"}],"author":[{"embeddable":true,"href":"https:\/\/www.danaoshotel.gr\/da\/wp-json\/wp\/v2\/users\/1"}],"replies":[{"embeddable":true,"href":"https:\/\/www.danaoshotel.gr\/da\/wp-json\/wp\/v2\/comments?post=1752"}],"version-history":[{"count":37,"href":"https:\/\/www.danaoshotel.gr\/da\/wp-json\/wp\/v2\/pages\/1752\/revisions"}],"predecessor-version":[{"id":2524,"href":"https:\/\/www.danaoshotel.gr\/da\/wp-json\/wp\/v2\/pages\/1752\/revisions\/2524"}],"wp:attachment":[{"href":"https:\/\/www.danaoshotel.gr\/da\/wp-json\/wp\/v2\/media?parent=1752"}],"curies":[{"name":"wp","href":"https:\/\/api.w.org\/{rel}","templated":true}]}}