{"id":1808,"date":"2023-02-14T11:43:40","date_gmt":"2023-02-14T11:43:40","guid":{"rendered":"https:\/\/www.danaoshotel.gr\/blog\/"},"modified":"2023-02-22T14:01:14","modified_gmt":"2023-02-22T14:01:14","slug":"blog","status":"publish","type":"page","link":"https:\/\/www.danaoshotel.gr\/da\/blog\/","title":{"rendered":"Blog"},"content":{"rendered":"\t\t<div data-elementor-type=\"wp-page\" data-elementor-id=\"1808\" class=\"elementor elementor-1808 elementor-702\">\n\t\t\t\t\t\t\t\t\t<section class=\"elementor-section elementor-top-section elementor-element elementor-element-9bfc824 elementor-section-boxed elementor-section-height-default elementor-section-height-default\" data-id=\"9bfc824\" data-element_type=\"section\">\n\t\t\t\t\t\t<div class=\"elementor-container elementor-column-gap-no\">\n\t\t\t\t\t<div class=\"elementor-column elementor-col-100 elementor-top-column elementor-element elementor-element-7e2722c\" data-id=\"7e2722c\" data-element_type=\"column\">\n\t\t\t<div class=\"elementor-widget-wrap elementor-element-populated\">\n\t\t\t\t\t\t\t\t<div class=\"elementor-element elementor-element-6bfacac elementor-grid-2 elementor-posts--align-left elementor-grid-tablet-2 elementor-grid-mobile-1 elementor-posts--thumbnail-top elementor-card-shadow-yes elementor-posts__hover-gradient elementor-widget elementor-widget-posts\" data-id=\"6bfacac\" data-element_type=\"widget\" data-settings=\"{&quot;cards_columns&quot;:&quot;2&quot;,&quot;cards_row_gap&quot;:{&quot;unit&quot;:&quot;px&quot;,&quot;size&quot;:20,&quot;sizes&quot;:[]},&quot;cards_columns_tablet&quot;:&quot;2&quot;,&quot;cards_columns_mobile&quot;:&quot;1&quot;,&quot;cards_row_gap_laptop&quot;:{&quot;unit&quot;:&quot;px&quot;,&quot;size&quot;:&quot;&quot;,&quot;sizes&quot;:[]},&quot;cards_row_gap_tablet&quot;:{&quot;unit&quot;:&quot;px&quot;,&quot;size&quot;:&quot;&quot;,&quot;sizes&quot;:[]},&quot;cards_row_gap_mobile&quot;:{&quot;unit&quot;:&quot;px&quot;,&quot;size&quot;:&quot;&quot;,&quot;sizes&quot;:[]}}\" data-widget_type=\"posts.cards\">\n\t\t\t\t<div class=\"elementor-widget-container\">\n\t\t\t<link rel=\"stylesheet\" href=\"https:\/\/www.danaoshotel.gr\/wp-content\/plugins\/elementor-pro\/assets\/css\/widget-posts.min.css\">\t\t<div class=\"elementor-posts-container elementor-posts elementor-posts--skin-cards elementor-grid\">\n\t\t\t\t<article class=\"elementor-post elementor-grid-item post-2026 post type-post status-publish format-standard has-post-thumbnail hentry category-blog-posts-da\">\n\t\t\t<div class=\"elementor-post__card\">\n\t\t\t\t<a class=\"elementor-post__thumbnail__link\" href=\"https:\/\/www.danaoshotel.gr\/da\/samaria-gorge\/\" ><div class=\"elementor-post__thumbnail\"><img loading=\"lazy\" decoding=\"async\" width=\"1024\" height=\"768\" src=\"https:\/\/www.danaoshotel.gr\/wp-content\/uploads\/2023\/02\/samaria-gorge.jpg\" class=\"attachment-full size-full wp-image-1503\" alt=\"\" srcset=\"https:\/\/www.danaoshotel.gr\/wp-content\/uploads\/2023\/02\/samaria-gorge.jpg 1024w, https:\/\/www.danaoshotel.gr\/wp-content\/uploads\/2023\/02\/samaria-gorge-300x225.jpg 300w, https:\/\/www.danaoshotel.gr\/wp-content\/uploads\/2023\/02\/samaria-gorge-768x576.jpg 768w\" sizes=\"auto, (max-width: 1024px) 100vw, 1024px\" \/><\/div><\/a>\n\t\t\t\t<div class=\"elementor-post__badge\">blog posts<\/div>\n\t\t\t\t<div class=\"elementor-post__text\">\n\t\t\t\t<h3 class=\"elementor-post__title\">\n\t\t\t<a href=\"https:\/\/www.danaoshotel.gr\/da\/samaria-gorge\/\" >\n\t\t\t\tSamaria Gorge\t\t\t<\/a>\n\t\t<\/h3>\n\t\t\t\t<div class=\"elementor-post__excerpt\">\n\t\t\t<p>Samaria-kl\u00f8ften er den mest bes\u00f8gte turistattraktion i Chania, Kreta og langt den mest popul\u00e6re g\u00e5tur. Mere end en kvart million mennesker g\u00e5r gennem kl\u00f8ften hvert<\/p>\n\t\t<\/div>\n\t\t\n\t\t<a class=\"elementor-post__read-more\" href=\"https:\/\/www.danaoshotel.gr\/da\/samaria-gorge\/\" >\n\t\t\tRead More \t\t<\/a>\n\n\t\t\t\t<\/div>\n\t\t\t\t\t<\/div>\n\t\t<\/article>\n\t\t\t\t<article class=\"elementor-post elementor-grid-item post-2030 post type-post status-publish format-standard has-post-thumbnail hentry category-blog-posts-da\">\n\t\t\t<div class=\"elementor-post__card\">\n\t\t\t\t<a class=\"elementor-post__thumbnail__link\" href=\"https:\/\/www.danaoshotel.gr\/da\/the-maritime-museum-of-crete\/\" ><div class=\"elementor-post__thumbnail\"><img loading=\"lazy\" decoding=\"async\" width=\"600\" height=\"401\" src=\"https:\/\/www.danaoshotel.gr\/wp-content\/uploads\/2023\/02\/marine-museum.jpg\" class=\"attachment-full size-full wp-image-1549\" alt=\"\" srcset=\"https:\/\/www.danaoshotel.gr\/wp-content\/uploads\/2023\/02\/marine-museum.jpg 600w, https:\/\/www.danaoshotel.gr\/wp-content\/uploads\/2023\/02\/marine-museum-300x201.jpg 300w\" sizes=\"auto, (max-width: 600px) 100vw, 600px\" \/><\/div><\/a>\n\t\t\t\t<div class=\"elementor-post__badge\">blog posts<\/div>\n\t\t\t\t<div class=\"elementor-post__text\">\n\t\t\t\t<h3 class=\"elementor-post__title\">\n\t\t\t<a href=\"https:\/\/www.danaoshotel.gr\/da\/the-maritime-museum-of-crete\/\" >\n\t\t\t\tKretas s\u00f8fartsmuseum\t\t\t<\/a>\n\t\t<\/h3>\n\t\t\t\t<div class=\"elementor-post__excerpt\">\n\t\t\t<p>Kretas s\u00f8fartsmuseum ligger ved indgangen til den historiske f\u00e6stning &#8220;Firkas&#8221;. Det blev grundlagt i 1973 for at fremme \u00f8ens nautiske traditioner og historie. Museet samarbejder<\/p>\n\t\t<\/div>\n\t\t\n\t\t<a class=\"elementor-post__read-more\" href=\"https:\/\/www.danaoshotel.gr\/da\/the-maritime-museum-of-crete\/\" >\n\t\t\tRead More \t\t<\/a>\n\n\t\t\t\t<\/div>\n\t\t\t\t\t<\/div>\n\t\t<\/article>\n\t\t\t\t<article class=\"elementor-post elementor-grid-item post-2034 post type-post status-publish format-standard has-post-thumbnail hentry category-blog-posts-da\">\n\t\t\t<div class=\"elementor-post__card\">\n\t\t\t\t<a class=\"elementor-post__thumbnail__link\" href=\"https:\/\/www.danaoshotel.gr\/da\/the-orthodox-church-of-agios-nikolaos-in-splantzia-square\/\" ><div class=\"elementor-post__thumbnail\"><img loading=\"lazy\" decoding=\"async\" width=\"731\" height=\"1000\" src=\"https:\/\/www.danaoshotel.gr\/wp-content\/uploads\/2023\/02\/AgiosNikolas.jpg\" class=\"attachment-full size-full wp-image-1547\" alt=\"\" srcset=\"https:\/\/www.danaoshotel.gr\/wp-content\/uploads\/2023\/02\/AgiosNikolas.jpg 731w, https:\/\/www.danaoshotel.gr\/wp-content\/uploads\/2023\/02\/AgiosNikolas-219x300.jpg 219w\" sizes=\"auto, (max-width: 731px) 100vw, 731px\" \/><\/div><\/a>\n\t\t\t\t<div class=\"elementor-post__badge\">blog posts<\/div>\n\t\t\t\t<div class=\"elementor-post__text\">\n\t\t\t\t<h3 class=\"elementor-post__title\">\n\t\t\t<a href=\"https:\/\/www.danaoshotel.gr\/da\/the-orthodox-church-of-agios-nikolaos-in-splantzia-square\/\" >\n\t\t\t\tDen ortodokse kirke Agios Nikolaos p\u00e5 Splantzia-pladsen\t\t\t<\/a>\n\t\t<\/h3>\n\t\t\t\t<div class=\"elementor-post__excerpt\">\n\t\t\t<p>Agios Nikolaos-kirken, som blev bygget omkring 1320 i den venetianske periode, var oprindeligt en del af den dominikanerordens kloster. Den er ret speciel, da den<\/p>\n\t\t<\/div>\n\t\t\n\t\t<a class=\"elementor-post__read-more\" href=\"https:\/\/www.danaoshotel.gr\/da\/the-orthodox-church-of-agios-nikolaos-in-splantzia-square\/\" >\n\t\t\tRead More \t\t<\/a>\n\n\t\t\t\t<\/div>\n\t\t\t\t\t<\/div>\n\t\t<\/article>\n\t\t\t\t<article class=\"elementor-post elementor-grid-item post-2038 post type-post status-publish format-standard has-post-thumbnail hentry category-blog-posts-da\">\n\t\t\t<div class=\"elementor-post__card\">\n\t\t\t\t<a class=\"elementor-post__thumbnail__link\" href=\"https:\/\/www.danaoshotel.gr\/da\/archaeological-museum-of-chania\/\" ><div class=\"elementor-post__thumbnail\"><img loading=\"lazy\" decoding=\"async\" width=\"360\" height=\"180\" src=\"https:\/\/www.danaoshotel.gr\/wp-content\/uploads\/2023\/02\/museum.png\" class=\"attachment-full size-full wp-image-1301\" alt=\"\" srcset=\"https:\/\/www.danaoshotel.gr\/wp-content\/uploads\/2023\/02\/museum.png 360w, https:\/\/www.danaoshotel.gr\/wp-content\/uploads\/2023\/02\/museum-300x150.png 300w\" sizes=\"auto, (max-width: 360px) 100vw, 360px\" \/><\/div><\/a>\n\t\t\t\t<div class=\"elementor-post__badge\">blog posts<\/div>\n\t\t\t\t<div class=\"elementor-post__text\">\n\t\t\t\t<h3 class=\"elementor-post__title\">\n\t\t\t<a href=\"https:\/\/www.danaoshotel.gr\/da\/archaeological-museum-of-chania\/\" >\n\t\t\t\tChanias ark\u00e6ologiske museum\t\t\t<\/a>\n\t\t<\/h3>\n\t\t\t\t<div class=\"elementor-post__excerpt\">\n\t\t\t<p>Det ark\u00e6ologiske museum i Chania blev grundlagt i 1963 og er beliggende i det tidligere venetianske kloster Agios Fragiskos i Halidon Street i Chania. Museets<\/p>\n\t\t<\/div>\n\t\t\n\t\t<a class=\"elementor-post__read-more\" href=\"https:\/\/www.danaoshotel.gr\/da\/archaeological-museum-of-chania\/\" >\n\t\t\tRead More \t\t<\/a>\n\n\t\t\t\t<\/div>\n\t\t\t\t\t<\/div>\n\t\t<\/article>\n\t\t\t\t<\/div>\n\t\t\n\t\t\t\t<\/div>\n\t\t\t\t<\/div>\n\t\t\t\t\t<\/div>\n\t\t<\/div>\n\t\t\t\t\t\t\t<\/div>\n\t\t<\/section>\n\t\t\t\t\t\t\t<\/div>\n\t\t","protected":false},"excerpt":{"rendered":"","protected":false},"author":1,"featured_media":0,"parent":0,"menu_order":0,"comment_status":"closed","ping_status":"closed","template":"elementor_header_footer","meta":{"_seopress_robots_primary_cat":"","site-sidebar-layout":"no-sidebar","site-content-layout":"page-builder","ast-global-header-display":"","ast-main-header-display":"","ast-hfb-above-header-display":"","ast-hfb-below-header-display":"","ast-hfb-mobile-header-display":"","site-post-title":"disabled","ast-breadcrumbs-content":"","ast-featured-img":"disabled","footer-sml-layout":"","theme-transparent-header-meta":"default","adv-header-id-meta":"","stick-header-meta":"","header-above-stick-meta":"","header-main-stick-meta":"","header-below-stick-meta":"","footnotes":""},"class_list":["post-1808","page","type-page","status-publish","hentry"],"_links":{"self":[{"href":"https:\/\/www.danaoshotel.gr\/da\/wp-json\/wp\/v2\/pages\/1808","targetHints":{"allow":["GET"]}}],"collection":[{"href":"https:\/\/www.danaoshotel.gr\/da\/wp-json\/wp\/v2\/pages"}],"about":[{"href":"https:\/\/www.danaoshotel.gr\/da\/wp-json\/wp\/v2\/types\/page"}],"author":[{"embeddable":true,"href":"https:\/\/www.danaoshotel.gr\/da\/wp-json\/wp\/v2\/users\/1"}],"replies":[{"embeddable":true,"href":"https:\/\/www.danaoshotel.gr\/da\/wp-json\/wp\/v2\/comments?post=1808"}],"version-history":[{"count":1,"href":"https:\/\/www.danaoshotel.gr\/da\/wp-json\/wp\/v2\/pages\/1808\/revisions"}],"predecessor-version":[{"id":1810,"href":"https:\/\/www.danaoshotel.gr\/da\/wp-json\/wp\/v2\/pages\/1808\/revisions\/1810"}],"wp:attachment":[{"href":"https:\/\/www.danaoshotel.gr\/da\/wp-json\/wp\/v2\/media?parent=1808"}],"curies":[{"name":"wp","href":"https:\/\/api.w.org\/{rel}","templated":true}]}}