{"id":2473,"date":"2023-03-07T09:48:19","date_gmt":"2023-03-07T09:48:19","guid":{"rendered":"https:\/\/www.danaoshotel.gr\/cookies-policy\/"},"modified":"2023-03-07T10:35:44","modified_gmt":"2023-03-07T10:35:44","slug":"cookies-policy","status":"publish","type":"page","link":"https:\/\/www.danaoshotel.gr\/da\/cookies-policy\/","title":{"rendered":"Cookies politik"},"content":{"rendered":"\t\t<div data-elementor-type=\"wp-page\" data-elementor-id=\"2473\" class=\"elementor elementor-2473 elementor-2430\">\n\t\t\t\t\t\t\t\t\t<section class=\"elementor-section elementor-top-section elementor-element elementor-element-83f2377 elementor-section-boxed elementor-section-height-default elementor-section-height-default\" data-id=\"83f2377\" data-element_type=\"section\">\n\t\t\t\t\t\t<div class=\"elementor-container elementor-column-gap-default\">\n\t\t\t\t\t<div class=\"elementor-column elementor-col-100 elementor-top-column elementor-element elementor-element-579cb58\" data-id=\"579cb58\" data-element_type=\"column\">\n\t\t\t<div class=\"elementor-widget-wrap elementor-element-populated\">\n\t\t\t\t\t\t\t\t<div class=\"elementor-element elementor-element-8746398 elementor-widget elementor-widget-heading\" data-id=\"8746398\" data-element_type=\"widget\" data-widget_type=\"heading.default\">\n\t\t\t\t<div class=\"elementor-widget-container\">\n\t\t\t<style>\/*! elementor - v3.10.2 - 29-01-2023 *\/\n.elementor-heading-title{padding:0;margin:0;line-height:1}.elementor-widget-heading .elementor-heading-title[class*=elementor-size-]>a{color:inherit;font-size:inherit;line-height:inherit}.elementor-widget-heading .elementor-heading-title.elementor-size-small{font-size:15px}.elementor-widget-heading .elementor-heading-title.elementor-size-medium{font-size:19px}.elementor-widget-heading .elementor-heading-title.elementor-size-large{font-size:29px}.elementor-widget-heading .elementor-heading-title.elementor-size-xl{font-size:39px}.elementor-widget-heading .elementor-heading-title.elementor-size-xxl{font-size:59px}<\/style><h2 class=\"elementor-heading-title elementor-size-default\">Cookies politik<\/h2>\t\t<\/div>\n\t\t\t\t<\/div>\n\t\t\t\t\t<\/div>\n\t\t<\/div>\n\t\t\t\t\t\t\t<\/div>\n\t\t<\/section>\n\t\t\t\t<section class=\"elementor-section elementor-top-section elementor-element elementor-element-6f5b281 elementor-section-boxed elementor-section-height-default elementor-section-height-default\" data-id=\"6f5b281\" data-element_type=\"section\">\n\t\t\t\t\t\t<div class=\"elementor-container elementor-column-gap-default\">\n\t\t\t\t\t<div class=\"elementor-column elementor-col-100 elementor-top-column elementor-element elementor-element-bbea606\" data-id=\"bbea606\" data-element_type=\"column\">\n\t\t\t<div class=\"elementor-widget-wrap elementor-element-populated\">\n\t\t\t\t\t\t\t\t<div class=\"elementor-element elementor-element-eeaca0a elementor-widget elementor-widget-text-editor\" data-id=\"eeaca0a\" data-element_type=\"widget\" data-widget_type=\"text-editor.default\">\n\t\t\t\t<div class=\"elementor-widget-container\">\n\t\t\t<style>\/*! elementor - v3.10.2 - 29-01-2023 *\/\n.elementor-widget-text-editor.elementor-drop-cap-view-stacked .elementor-drop-cap{background-color:#818a91;color:#fff}.elementor-widget-text-editor.elementor-drop-cap-view-framed .elementor-drop-cap{color:#818a91;border:3px solid;background-color:transparent}.elementor-widget-text-editor:not(.elementor-drop-cap-view-default) .elementor-drop-cap{margin-top:8px}.elementor-widget-text-editor:not(.elementor-drop-cap-view-default) .elementor-drop-cap-letter{width:1em;height:1em}.elementor-widget-text-editor .elementor-drop-cap{float:left;text-align:center;line-height:1;font-size:50px}.elementor-widget-text-editor .elementor-drop-cap-letter{display:inline-block}<\/style>\t\t\t\t<div class=\"gdpr-texts\">\n<h3>Vores cookiepolitik<\/h3>\nFor at sikre, at hjemmesiden fungerer korrekt, placerer vi nogle gange sm\u00e5 datafiler p\u00e5 din computer, s\u00e5kaldte cookies.\n<h3>Hvad er cookies?<\/h3>\nCookies er sm\u00e5 filer, som et websted gemmer p\u00e5 din computer eller mobilenhed, n\u00e5r du bes\u00f8ger det p\u00e5g\u00e6ldende websted. P\u00e5 denne m\u00e5de husker hjemmesiden dine handlinger og dine pr\u00e6ferencer (i en periode), s\u00e5 du ikke beh\u00f8ver at indtaste disse pr\u00e6ferencer hver gang du bes\u00f8ger vores hjemmeside eller skifter side.\n<h3>Hvordan bruger vi cookies?<\/h3>\nNogle af vores sider bruger cookies, der ikke er absolut n\u00f8dvendige for driften af \u200b\u200bhjemmesiden, men giver muligheder for bedre navigation. Du kan slette disse cookies eller blokere deres placering, men hvis du g\u00f8r det, fungerer nogle funktioner p\u00e5 webstedet muligvis ikke efter hensigten. Disse cookies bruges til at huske f\u00f8lgende:\n<ul> <li>dine visningspr\u00e6ferencer, s\u00e5som navigationssprog, farvekontrast, skriftst\u00f8rrelse, brugt enhed og dine s\u00f8geresultater og meddelelsespr\u00e6ferencer,<\/li> <li >bes\u00f8g p\u00e5 vores websted (til statistiske form\u00e5l)<\/li > <li>hvis du har accepteret (eller ej), at vi bruger cookies p\u00e5 denne hjemmeside.<\/li> <\/ul> Ogs\u00e5, hvis der er en indlejret video ) p\u00e5 vores sider, bruger de normalt en &#8220;cookie&#8221; til at indsamle anonym statistik om, hvordan du kom dertil, og hvilke videoer du bes\u00f8gte. <h3>Private data<\/h3> Oplysninger relateret til cookies bruges ikke til at identificere brugere eller oplysninger om vores brugere. Cookies bruges ikke til andre form\u00e5l end dem, der er beskrevet i denne tekst. <h3>S\u00e5dan kontrollerer du cookies<\/h3> Du kan, n\u00e5r du vil, kontrollere og\/eller slette cookies. Du kan slette alle cookies, der allerede er p\u00e5 din computer, samt indstille de fleste browsere p\u00e5 en m\u00e5de, der ikke tillader, at der placeres cookies. Men i dette tilf\u00e6lde skal du muligvis justere nogle pr\u00e6ferencer manuelt hver gang du bes\u00f8ger et websted, og nogle tjenester fungerer muligvis ikke. <h3>Afvisning af cookies<\/h3> Du kan nemt acceptere cookies p\u00e5 denne hjemmeside, ved at foretage det tilsvarende valg, eller afvise (og ikke acceptere). <\/div>\t\t\t\t\t\t<\/div>\n\t\t\t\t<\/div>\n\t\t\t\t\t<\/div>\n\t\t<\/div>\n\t\t\t\t\t\t\t<\/div>\n\t\t<\/section>\n\t\t\t\t\t\t\t<\/div>\n\t\t","protected":false},"excerpt":{"rendered":"<p>Vores cookiepolitik For at sikre, at hjemmesiden fungerer korrekt, placerer vi nogle gange sm\u00e5 datafiler p\u00e5 din computer, s\u00e5kaldte cookies. Hvad er cookies? Cookies er sm\u00e5 filer, som et websted gemmer p\u00e5 din computer eller mobilenhed, n\u00e5r du bes\u00f8ger det p\u00e5g\u00e6ldende websted. P\u00e5 denne m\u00e5de husker hjemmesiden dine handlinger og dine pr\u00e6ferencer (i en periode), &hellip;<\/p>\n<p class=\"read-more\"> <a class=\"\" href=\"https:\/\/www.danaoshotel.gr\/da\/cookies-policy\/\"> <span class=\"screen-reader-text\">Cookies politik<\/span> L\u00e6s mere &raquo;<\/a><\/p>\n","protected":false},"author":1,"featured_media":0,"parent":0,"menu_order":0,"comment_status":"closed","ping_status":"closed","template":"","meta":{"_seopress_robots_primary_cat":"","site-sidebar-layout":"no-sidebar","site-content-layout":"page-builder","ast-global-header-display":"","ast-main-header-display":"","ast-hfb-above-header-display":"","ast-hfb-below-header-display":"","ast-hfb-mobile-header-display":"","site-post-title":"disabled","ast-breadcrumbs-content":"","ast-featured-img":"disabled","footer-sml-layout":"","theme-transparent-header-meta":"default","adv-header-id-meta":"","stick-header-meta":"","header-above-stick-meta":"","header-main-stick-meta":"","header-below-stick-meta":"","footnotes":""},"class_list":["post-2473","page","type-page","status-publish","hentry"],"_links":{"self":[{"href":"https:\/\/www.danaoshotel.gr\/da\/wp-json\/wp\/v2\/pages\/2473","targetHints":{"allow":["GET"]}}],"collection":[{"href":"https:\/\/www.danaoshotel.gr\/da\/wp-json\/wp\/v2\/pages"}],"about":[{"href":"https:\/\/www.danaoshotel.gr\/da\/wp-json\/wp\/v2\/types\/page"}],"author":[{"embeddable":true,"href":"https:\/\/www.danaoshotel.gr\/da\/wp-json\/wp\/v2\/users\/1"}],"replies":[{"embeddable":true,"href":"https:\/\/www.danaoshotel.gr\/da\/wp-json\/wp\/v2\/comments?post=2473"}],"version-history":[{"count":4,"href":"https:\/\/www.danaoshotel.gr\/da\/wp-json\/wp\/v2\/pages\/2473\/revisions"}],"predecessor-version":[{"id":2483,"href":"https:\/\/www.danaoshotel.gr\/da\/wp-json\/wp\/v2\/pages\/2473\/revisions\/2483"}],"wp:attachment":[{"href":"https:\/\/www.danaoshotel.gr\/da\/wp-json\/wp\/v2\/media?parent=2473"}],"curies":[{"name":"wp","href":"https:\/\/api.w.org\/{rel}","templated":true}]}}